{"id":37,"date":"2023-10-26T17:53:45","date_gmt":"2023-10-26T16:53:45","guid":{"rendered":"https:\/\/silkroadbirding.com\/?page_id=37"},"modified":"2024-01-31T15:55:03","modified_gmt":"2024-01-31T15:55:03","slug":"bespoke","status":"publish","type":"page","link":"https:\/\/silkroadbirding.com\/fr\/bespoke\/","title":{"rendered":"Aventures sur mesure"},"content":{"rendered":"<div class=\"wp-block-cover alignfull is-light has-custom-content-position is-position-top-center\" style=\"min-height:583px;aspect-ratio:unset;\"><span aria-hidden=\"true\" class=\"wp-block-cover__background has-background-dim-0 has-background-dim\"><\/span><img loading=\"lazy\" decoding=\"async\" width=\"2229\" height=\"1300\" class=\"wp-block-cover__image-background wp-image-73\" alt=\"\" src=\"https:\/\/silkroadbirding.com\/wp-content\/uploads\/2023\/10\/Cover-Turkestan2.jpg\" style=\"object-position:51% 25%\" data-object-fit=\"cover\" data-object-position=\"51% 25%\" srcset=\"https:\/\/silkroadbirding.com\/wp-content\/uploads\/2023\/10\/Cover-Turkestan2.jpg 2229w, https:\/\/silkroadbirding.com\/wp-content\/uploads\/2023\/10\/Cover-Turkestan2-300x175.jpg 300w, https:\/\/silkroadbirding.com\/wp-content\/uploads\/2023\/10\/Cover-Turkestan2-1024x597.jpg 1024w, https:\/\/silkroadbirding.com\/wp-content\/uploads\/2023\/10\/Cover-Turkestan2-768x448.jpg 768w, https:\/\/silkroadbirding.com\/wp-content\/uploads\/2023\/10\/Cover-Turkestan2-1536x896.jpg 1536w, https:\/\/silkroadbirding.com\/wp-content\/uploads\/2023\/10\/Cover-Turkestan2-2048x1194.jpg 2048w\" sizes=\"auto, (max-width: 2229px) 100vw, 2229px\" \/><div class=\"wp-block-cover__inner-container is-layout-flow wp-block-cover-is-layout-flow\">\n<div style=\"height:92px\" aria-hidden=\"true\" class=\"wp-block-spacer\"><\/div>\n\n\n\n<h1 class=\"wp-block-heading has-text-align-left has-nv-dark-bg-color has-text-color\" style=\"font-size:40px\">Aventures sur mesure<\/h1>\n\n\n\n<h2 class=\"wp-block-heading has-nv-dark-bg-color has-text-color\" style=\"font-size:22px\">L'Asie centrale \u00e0 votre rythme<\/h2>\n\n\n\n<div style=\"height:80px\" aria-hidden=\"true\" class=\"wp-block-spacer\"><\/div>\n\n\n\n<div style=\"height:80px\" aria-hidden=\"true\" class=\"wp-block-spacer\"><\/div>\n<\/div><\/div>\n\n\n\n<div class=\"wp-block-group has-nv-site-bg-background-color has-background is-vertical is-content-justification-center is-layout-flex wp-container-core-group-is-layout-2 wp-block-group-is-layout-flex\">\n<div class=\"wp-block-group\"><div class=\"wp-block-group__inner-container is-layout-flow wp-block-group-is-layout-flow\">\n<div style=\"height:50px\" aria-hidden=\"true\" class=\"wp-block-spacer\"><\/div>\n\n\n\n<div class=\"wp-block-columns are-vertically-aligned-center is-layout-flex wp-container-core-columns-is-layout-1 wp-block-columns-is-layout-flex\">\n<div class=\"wp-block-column is-vertically-aligned-center is-layout-flow wp-block-column-is-layout-flow\" style=\"flex-basis:100%\">\n<p class=\"has-text-align-left has-neve-text-color-color has-text-color\" style=\"font-size:17px\">Il existe de nombreuses raisons de choisir cette option. Il se peut que vous ayez une esp\u00e8ce cible \u00e0 l'esprit et que vous souhaitiez vous concentrer sur elle, ou que vous d\u00e9siriez un voyage photographique individuel (certains de nos guides sont des photographes animaliers). Il se peut que vous voyagiez en Asie centrale hors-saison. Ou peut-\u00eatre avez-vous d'autres centres d'int\u00e9r\u00eat (sites historiques, tulipes) que vous aimeriez satisfaire? Quelle que soit la raison, nous aimons relever le d\u00e9fi de cr\u00e9er un itin\u00e9raire sur mesure pour r\u00e9pondre \u00e0 vos besoins: ce sont souvent nos voyages pr\u00e9f\u00e9r\u00e9s !<\/p>\n\n\n\n<p class=\"has-nv-dark-bg-color has-text-color\" style=\"font-size:17px\"><strong>Quand<\/strong>: Quand vous voulez. Bien que la saison principale reste mai et juin, nous avons organis\u00e9 avec succ\u00e8s des excursions pendant la migration d'automne, en hiver pour chercher le grand roselin et la b\u00e9cassine solitaire, et tout au long de l'ann\u00e9e pour la photographie... Contactez-nous et nous pourrons planifier votre aventure ensemble.<\/p>\n\n\n\n<p class=\"has-nv-dark-bg-color has-text-color\" style=\"font-size:17px\"><strong>Dur\u00e9e<\/strong>: \u00c0 vous de d\u00e9cider.<\/p>\n\n\n\n<p class=\"has-nv-dark-bg-color has-text-color\" style=\"font-size:17px\"><strong>Arriv\u00e9e et d\u00e9part<\/strong>: Encore une fois, bien que nous soyons bas\u00e9s \u00e0 Almaty et Bichkek, ces voyages peuvent cibler des zones beaucoup plus larges au Kazakhstan, au Kirghizstan et m\u00eame s'\u00e9tendre aux pays voisins.<\/p>\n\n\n\n<p class=\"has-nv-dark-bg-color has-text-color\" style=\"font-size:17px\"><strong>Ce qui est inclus<\/strong>: Lorsque nous organisons un circuit sur mesure, nous nous occupons de tout sur le terrain: Votre guide ornithologue francophone, le transport (qui varie en fonction de la taille du groupe), l'h\u00e9bergement, la nourriture et le train\/les vols int\u00e9rieurs si n\u00e9cessaire.<\/p>\n\n\n\n<p class=\"has-nv-dark-bg-color has-text-color\" style=\"font-size:17px\"><strong>Ce qui ne l'est pas<\/strong>: Vos vols internationaux pour vous rendre en Asie centrale et en revenir, vos d\u00e9penses personnelles (souvenirs, appels t\u00e9l\u00e9phoniques, etc.), les boissons alcoolis\u00e9es et le suppl\u00e9ment pour chambre individuelle, le cas \u00e9ch\u00e9ant. Vous devez \u00e9galement vous assurer que vous disposez d'une assurance voyage et m\u00e9dicale compl\u00e8te pour ce voyage ; nos circuits sont souvent \u00e9loign\u00e9s et hors des sentiers battus et les installations m\u00e9dicales sont rares. Nous ferons toujours de notre mieux pour vous aider en cas d'accident, mais nous ne sommes pas responsables du vol d'effets personnels ou de blessures.<\/p>\n\n\n\n<div style=\"height:30px\" aria-hidden=\"true\" class=\"wp-block-spacer\"><\/div>\n\n\n\n<figure class=\"wp-block-image size-large is-style-rounded\"><img loading=\"lazy\" decoding=\"async\" width=\"1024\" height=\"774\" src=\"https:\/\/silkroadbirding.com\/wp-content\/uploads\/2023\/10\/blue-cheeked-bee-eaters1-1024x774.jpg\" alt=\"\" class=\"wp-image-75\" srcset=\"https:\/\/silkroadbirding.com\/wp-content\/uploads\/2023\/10\/blue-cheeked-bee-eaters1-1024x774.jpg 1024w, https:\/\/silkroadbirding.com\/wp-content\/uploads\/2023\/10\/blue-cheeked-bee-eaters1-300x227.jpg 300w, https:\/\/silkroadbirding.com\/wp-content\/uploads\/2023\/10\/blue-cheeked-bee-eaters1-768x581.jpg 768w, https:\/\/silkroadbirding.com\/wp-content\/uploads\/2023\/10\/blue-cheeked-bee-eaters1-1536x1162.jpg 1536w, https:\/\/silkroadbirding.com\/wp-content\/uploads\/2023\/10\/blue-cheeked-bee-eaters1-2048x1549.jpg 2048w\" sizes=\"auto, (max-width: 1024px) 100vw, 1024px\" \/><\/figure>\n<\/div>\n<\/div>\n<\/div><\/div>\n<\/div>\n\n\n\n<p><a href=\"https:\/\/silkroadbirding.com\/wp-admin\/edit.php?post_type=page\"><\/a><\/p>","protected":false},"excerpt":{"rendered":"<p>There are plenty of reasons to choose this option. It may be that you have a particular target species in mind and would like to focus on it, or you would like an individual photography trip (some of our guides are wildlife photographers). You may be traveling to Central Asia outside of the main migration&hellip;&nbsp;<a href=\"https:\/\/silkroadbirding.com\/fr\/bespoke\/\" rel=\"bookmark\">Lire la suite &raquo;<span class=\"screen-reader-text\">Aventures sur mesure<\/span><\/a><\/p>","protected":false},"author":1,"featured_media":0,"parent":0,"menu_order":0,"comment_status":"closed","ping_status":"closed","template":"","meta":{"neve_meta_sidebar":"","neve_meta_container":"default","neve_meta_enable_content_width":"on","neve_meta_content_width":80,"neve_meta_title_alignment":"","neve_meta_author_avatar":"","neve_post_elements_order":"","neve_meta_disable_header":"","neve_meta_disable_footer":"","neve_meta_disable_title":"on","footnotes":""},"class_list":["post-37","page","type-page","status-publish","hentry"],"_links":{"self":[{"href":"https:\/\/silkroadbirding.com\/fr\/wp-json\/wp\/v2\/pages\/37","targetHints":{"allow":["GET"]}}],"collection":[{"href":"https:\/\/silkroadbirding.com\/fr\/wp-json\/wp\/v2\/pages"}],"about":[{"href":"https:\/\/silkroadbirding.com\/fr\/wp-json\/wp\/v2\/types\/page"}],"author":[{"embeddable":true,"href":"https:\/\/silkroadbirding.com\/fr\/wp-json\/wp\/v2\/users\/1"}],"replies":[{"embeddable":true,"href":"https:\/\/silkroadbirding.com\/fr\/wp-json\/wp\/v2\/comments?post=37"}],"version-history":[{"count":13,"href":"https:\/\/silkroadbirding.com\/fr\/wp-json\/wp\/v2\/pages\/37\/revisions"}],"predecessor-version":[{"id":374,"href":"https:\/\/silkroadbirding.com\/fr\/wp-json\/wp\/v2\/pages\/37\/revisions\/374"}],"wp:attachment":[{"href":"https:\/\/silkroadbirding.com\/fr\/wp-json\/wp\/v2\/media?parent=37"}],"curies":[{"name":"wp","href":"https:\/\/api.w.org\/{rel}","templated":true}]}}