{"id":41,"date":"2023-10-26T17:56:45","date_gmt":"2023-10-26T16:56:45","guid":{"rendered":"https:\/\/silkroadbirding.com\/?page_id=41"},"modified":"2024-01-31T14:37:29","modified_gmt":"2024-01-31T14:37:29","slug":"day-trips","status":"publish","type":"page","link":"https:\/\/silkroadbirding.com\/fr\/day-trips\/","title":{"rendered":"\u00c0 la journ\u00e9e"},"content":{"rendered":"<div class=\"wp-block-cover alignfull is-light has-custom-content-position is-position-top-center\" style=\"min-height:540px;aspect-ratio:unset;\"><span aria-hidden=\"true\" class=\"wp-block-cover__background has-background-dim-0 has-background-dim\"><\/span><img loading=\"lazy\" decoding=\"async\" width=\"1200\" height=\"728\" class=\"wp-block-cover__image-background wp-image-100\" alt=\"\" src=\"https:\/\/silkroadbirding.com\/wp-content\/uploads\/2023\/10\/Cover-alaArcha.jpg\" data-object-fit=\"cover\" srcset=\"https:\/\/silkroadbirding.com\/wp-content\/uploads\/2023\/10\/Cover-alaArcha.jpg 1200w, https:\/\/silkroadbirding.com\/wp-content\/uploads\/2023\/10\/Cover-alaArcha-300x182.jpg 300w, https:\/\/silkroadbirding.com\/wp-content\/uploads\/2023\/10\/Cover-alaArcha-1024x621.jpg 1024w, https:\/\/silkroadbirding.com\/wp-content\/uploads\/2023\/10\/Cover-alaArcha-768x466.jpg 768w\" sizes=\"auto, (max-width: 1200px) 100vw, 1200px\" \/><div class=\"wp-block-cover__inner-container is-layout-flow wp-block-cover-is-layout-flow\">\n<div style=\"height:50px\" aria-hidden=\"true\" class=\"wp-block-spacer\"><\/div>\n\n\n\n<h1 class=\"wp-block-heading has-text-align-center has-nv-dark-bg-color has-text-color\" style=\"font-size:40px\">\u00c0 la journ\u00e9e<\/h1>\n\n\n\n<h2 class=\"wp-block-heading has-text-align-center has-nv-dark-bg-color has-text-color\" style=\"font-size:22px;font-style:normal;font-weight:700\">Que vous soyez \u00e0 Almaty, Astana ou Bichkek, venez d\u00e9couvrir les oiseaux de l'Asie centrale <\/h2>\n\n\n\n<div style=\"height:80px\" aria-hidden=\"true\" class=\"wp-block-spacer\"><\/div>\n\n\n\n<div style=\"height:80px\" aria-hidden=\"true\" class=\"wp-block-spacer\"><\/div>\n<\/div><\/div>\n\n\n\n<div class=\"wp-block-group has-nv-site-bg-background-color has-background is-vertical is-content-justification-center is-layout-flex wp-container-core-group-is-layout-2 wp-block-group-is-layout-flex\">\n<div class=\"wp-block-group\"><div class=\"wp-block-group__inner-container is-layout-flow wp-block-group-is-layout-flow\">\n<div style=\"height:50px\" aria-hidden=\"true\" class=\"wp-block-spacer\"><\/div>\n\n\n\n<div class=\"wp-block-columns are-vertically-aligned-center is-layout-flex wp-container-core-columns-is-layout-1 wp-block-columns-is-layout-flex\">\n<div class=\"wp-block-column is-vertically-aligned-center is-layout-flow wp-block-column-is-layout-flow\" style=\"flex-basis:100%\">\n<p class=\"has-text-align-left has-neve-text-color-color has-text-color\" style=\"font-size:17px\">Nous avons la chance que nos guides soient bas\u00e9s dans la r\u00e9gion et donc disponibles pour organiser des excursions \u00e0 la journ\u00e9e. Si vous vous trouvez \u00e0 Almaty, Astana ou Bichkek, offrez-vous une journ\u00e9e d'observation des oiseaux en Asie centrale!<\/p>\n\n\n\n<p class=\"has-nv-dark-bg-color has-text-color\" style=\"font-size:17px\"><strong>Quand<\/strong>: En tout temps <\/p>\n\n\n\n<p class=\"has-nv-dark-bg-color has-text-color\" style=\"font-size:17px\"><strong>Dur\u00e9e<\/strong>: Excursions d'une journ\u00e9e ou de deux jours. Almaty et Bichkek sont particuli\u00e8rement bien situ\u00e9es, avec deux paysages tr\u00e8s diff\u00e9rents \u00e0 leurs portes (montagnes et steppe), ce qui permet de bien s'occuper pendant quelques jours.<\/p>\n\n\n\n<p class=\"has-nv-dark-bg-color has-text-color\" style=\"font-size:17px\"><strong>Arriv\u00e9e et d\u00e9part<\/strong>: Ces voyages supposent que vous soyez d\u00e9j\u00e0 dans le pays.<\/p>\n\n\n\n<p class=\"has-nv-dark-bg-color has-text-color\" style=\"font-size:17px\"><strong>Co\u00fbts<\/strong>: \u00c0 d\u00e9terminer<\/p>\n\n\n\n<p class=\"has-nv-dark-bg-color has-text-color\" style=\"font-size:17px\"><strong>Ce qui est inclus<\/strong>: Nous fournissons tout ce dont vous aurez besoin pour la journ\u00e9e : Un guide ornithologue francophone (sauf \u00e0 Astana), le transport (qui varie en fonction de la taille du groupe) et la nourriture.<\/p>\n\n\n\n<p class=\"has-nv-dark-bg-color has-text-color\" style=\"font-size:17px\"><strong>Ce qui ne l'est pas<\/strong>: Comme il s'agit d'excursions d'une journ\u00e9e, vous \u00eates donc responsable de votre h\u00e9bergement et de votre d\u00e9placement dans le pays. Les d\u00e9penses personnelles (souvenirs, appels t\u00e9l\u00e9phoniques, etc.) et les boissons alcoolis\u00e9es ne sont pas incluses. Vous devez \u00e9galement vous assurer que vous disposez d'une assurance voyage et m\u00e9dicale compl\u00e8te pour ce voyage ; nos circuits sont souvent \u00e9loign\u00e9s et hors des sentiers battus, et les installations m\u00e9dicales sont rares. Nous ferons toujours de notre mieux pour vous aider en cas d'accident, mais nous d\u00e9clinons toute responsabilit\u00e9 en cas de vol d'effets personnels ou de blessures.<\/p>\n\n\n\n<div style=\"height:30px\" aria-hidden=\"true\" class=\"wp-block-spacer\"><\/div>\n<\/div>\n<\/div>\n<\/div><\/div>\n<\/div>\n\n\n\n<div class=\"wp-block-group alignfull has-nv-dark-bg-background-color has-background\"><div class=\"wp-block-group__inner-container is-layout-constrained wp-block-group-is-layout-constrained\">\n<div style=\"height:50px\" aria-hidden=\"true\" class=\"wp-block-spacer\"><\/div>\n\n\n\n<p class=\"has-nv-site-bg-color has-text-color\" style=\"font-size:30px\"><strong>Almaty <\/strong><\/p>\n\n\n\n<p class=\"has-nv-site-bg-color has-text-color\">Nich\u00e9e dans la cha\u00eene de montagnes Ili Ala-Too, Almaty est une ville situ\u00e9e \u00e0 la lisi\u00e8re de deux paysages fascinants: la montagne et la steppe, qui abritent chacune des esp\u00e8ces d'oiseaux tr\u00e8s diff\u00e9rentes. En partant d'Almaty vers le sud, le terrain devient rapidement escarp\u00e9 et nous m\u00e8ne \u00e0 des vall\u00e9es luxuriantes et bois\u00e9es. L'observation se fait g\u00e9n\u00e9ralement \u00e0 pied, avec une vari\u00e9t\u00e9 de randonn\u00e9es adapt\u00e9es aux diff\u00e9rentes capacit\u00e9s physiques. Nous pouvons cibler des esp\u00e8ces de haute altitude telles que le t\u00e9traogalle de l'Himalaya, l'accenteur de l'Himalaya et l'accenteur brun, le rougequeue de G\u00fcldenstadt et le roselin de Hodgson, le tout en pr\u00e9sence du crave \u00e0 bec rouge et du chocard \u00e0 bec jaune. En restant \u00e0 des altitudes moins \u00e9lev\u00e9es, nous devrions voir le roselin \u00e0 dos rouge, l'orite de Sophie, le rougequeue d'Eversmann et le rougequeue \u00e0 t\u00eate bleue, le pouillot gris\u00e9ole, de Hume et verd\u00e2tre, la m\u00e9sange charbonni\u00e8re, le serin \u00e0 front d'or et le c\u00e9l\u00e8bre bec d'ibis tib\u00e9tain. Le gypa\u00e8te barbu est une possibilit\u00e9. <\/p>\n\n\n\n<p class=\"has-nv-site-bg-color has-text-color\">En partant vers le nord, les lacs de Sorbulak forment l'un des site d'observation d'oiseaux les plus diversifi\u00e9s du Kazakhstan. Il a quelque chose \u00e0 s'y mettre sous la dent en toutes saisons, mais particuli\u00e8rement pendant les p\u00e9riodes de migration du printemps et de l'automne. Outre les migrateurs et les vagabonds, Sorbulak supporte des colonies de p\u00e9licans blancs et fris\u00e9s, un grand nombre d'oiseaux aquatiques (fuligule nyroca entre autres) et de limicoles, des rapaces tels que l'aigle des steppes et l'aigle imp\u00e9rial, ainsi que l'\u00e9rismature \u00e0 t\u00eate blanche qui se reproduit \u00e0 proximit\u00e9. Avec un peu de chance, et \u00e0 la bonne saison, on peut \u00e9galement observer des outardes canepeti\u00e8res. <\/p>\n\n\n\n<div class=\"wp-block-columns is-layout-flex wp-container-core-columns-is-layout-2 wp-block-columns-is-layout-flex\">\n<div class=\"wp-block-column is-vertically-aligned-center is-layout-flow wp-block-column-is-layout-flow\">\n<figure class=\"wp-block-image size-full\"><img loading=\"lazy\" decoding=\"async\" width=\"720\" height=\"720\" src=\"https:\/\/silkroadbirding.com\/wp-content\/uploads\/2023\/10\/Blue-capped-redstart-Askar.jpg\" alt=\"\" class=\"wp-image-102\" srcset=\"https:\/\/silkroadbirding.com\/wp-content\/uploads\/2023\/10\/Blue-capped-redstart-Askar.jpg 720w, https:\/\/silkroadbirding.com\/wp-content\/uploads\/2023\/10\/Blue-capped-redstart-Askar-300x300.jpg 300w, https:\/\/silkroadbirding.com\/wp-content\/uploads\/2023\/10\/Blue-capped-redstart-Askar-150x150.jpg 150w\" sizes=\"auto, (max-width: 720px) 100vw, 720px\" \/><\/figure>\n<\/div>\n\n\n\n<div class=\"wp-block-column is-layout-flow wp-block-column-is-layout-flow\">\n<figure class=\"wp-block-image size-full\"><img loading=\"lazy\" decoding=\"async\" width=\"900\" height=\"900\" src=\"https:\/\/silkroadbirding.com\/wp-content\/uploads\/2023\/10\/Snowcock-Askar.jpg\" alt=\"\" class=\"wp-image-103\" srcset=\"https:\/\/silkroadbirding.com\/wp-content\/uploads\/2023\/10\/Snowcock-Askar.jpg 900w, https:\/\/silkroadbirding.com\/wp-content\/uploads\/2023\/10\/Snowcock-Askar-300x300.jpg 300w, https:\/\/silkroadbirding.com\/wp-content\/uploads\/2023\/10\/Snowcock-Askar-150x150.jpg 150w, https:\/\/silkroadbirding.com\/wp-content\/uploads\/2023\/10\/Snowcock-Askar-768x768.jpg 768w\" sizes=\"auto, (max-width: 900px) 100vw, 900px\" \/><\/figure>\n<\/div>\n<\/div>\n\n\n\n<div class=\"wp-block-columns is-layout-flex wp-container-core-columns-is-layout-3 wp-block-columns-is-layout-flex\">\n<div class=\"wp-block-column is-vertically-aligned-center is-layout-flow wp-block-column-is-layout-flow\">\n<figure class=\"wp-block-image size-full\"><img loading=\"lazy\" decoding=\"async\" width=\"800\" height=\"800\" src=\"https:\/\/silkroadbirding.com\/wp-content\/uploads\/2023\/10\/Dalmatian-pelican-2-Askar.jpg\" alt=\"\" class=\"wp-image-104\" srcset=\"https:\/\/silkroadbirding.com\/wp-content\/uploads\/2023\/10\/Dalmatian-pelican-2-Askar.jpg 800w, https:\/\/silkroadbirding.com\/wp-content\/uploads\/2023\/10\/Dalmatian-pelican-2-Askar-300x300.jpg 300w, https:\/\/silkroadbirding.com\/wp-content\/uploads\/2023\/10\/Dalmatian-pelican-2-Askar-150x150.jpg 150w, https:\/\/silkroadbirding.com\/wp-content\/uploads\/2023\/10\/Dalmatian-pelican-2-Askar-768x768.jpg 768w\" sizes=\"auto, (max-width: 800px) 100vw, 800px\" \/><\/figure>\n<\/div>\n\n\n\n<div class=\"wp-block-column is-layout-flow wp-block-column-is-layout-flow\">\n<figure class=\"wp-block-image size-full\"><img loading=\"lazy\" decoding=\"async\" width=\"900\" height=\"900\" src=\"https:\/\/silkroadbirding.com\/wp-content\/uploads\/2023\/10\/Imperial-eagle-Askar.jpg\" alt=\"\" class=\"wp-image-105\" srcset=\"https:\/\/silkroadbirding.com\/wp-content\/uploads\/2023\/10\/Imperial-eagle-Askar.jpg 900w, https:\/\/silkroadbirding.com\/wp-content\/uploads\/2023\/10\/Imperial-eagle-Askar-300x300.jpg 300w, https:\/\/silkroadbirding.com\/wp-content\/uploads\/2023\/10\/Imperial-eagle-Askar-150x150.jpg 150w, https:\/\/silkroadbirding.com\/wp-content\/uploads\/2023\/10\/Imperial-eagle-Askar-768x768.jpg 768w\" sizes=\"auto, (max-width: 900px) 100vw, 900px\" \/><\/figure>\n<\/div>\n<\/div>\n\n\n\n<div style=\"height:30px\" aria-hidden=\"true\" class=\"wp-block-spacer\"><\/div>\n<\/div><\/div>\n\n\n\n<div class=\"wp-block-group alignfull has-nv-site-bg-background-color has-background\"><div class=\"wp-block-group__inner-container is-layout-constrained wp-block-group-is-layout-constrained\">\n<div style=\"height:50px\" aria-hidden=\"true\" class=\"wp-block-spacer\"><\/div>\n\n\n\n<p class=\"has-nv-dark-bg-color has-text-color\" style=\"font-size:30px\"><strong>Bichkek <\/strong><\/p>\n\n\n\n<p class=\"has-nv-dark-bg-color has-text-color\">Tout comme Almaty, Bichkek offre un acc\u00e8s facile \u00e0 la montagne et \u00e0 la steppe. Le parc national d'Ala-Archa englobe de superbes vall\u00e9es o\u00f9 l'on trouve toutes les esp\u00e8ces classiques des montagnes de moyenne altitude. Bien que les t\u00e9traogalles de l'Himalaya soient difficiles \u00e0 voir, sauf en avril lorsqu'ils descendent vers le fond de la vall\u00e9e, vous devriez trouver beaucoup de cincle plongeur et de cincle de Pallas, de roselin \u00e0 dos rouge, d'orite de Sophie, de rougequeue d'Eversmann et de rougequeue \u00e0 t\u00eate bleue, de pouillots gris\u00e9ole, de Hume et verd\u00e2tre, de serin \u00e0 front d'or et peut-\u00eatre m\u00eame le c\u00e9l\u00e8bre bec d'ibis tib\u00e9tain. L'aigle royal, le gypa\u00e8te barbu et le vautour de l'Himalaya sont presque toujours pr\u00e9sents. Ala-Archa est probablement le meilleur endroit au monde pour voir et photographier la m\u00e9sange \u00e0 nuque rousse, car les oiseaux se sont habitu\u00e9s aux citadins qui viennent relaxer dans les environs. <\/p>\n\n\n\n<p class=\"has-nv-dark-bg-color has-text-color\">Si vous pr\u00e9f\u00e9rez les oiseaux aquatiques et des steppes, une s\u00e9rie d'\u00e9tangs situ\u00e9s pr\u00e8s de l'a\u00e9roport sont une destination privil\u00e9gi\u00e9e des ornithologues de Bichkek. On y trouve de tout : limicoles et passereaux migrateurs; sternes, cormoran pygm\u00e9e ainsi que quelques glar\u00e9oles \u00e0 collier nichant en \u00e9t\u00e9; pygargue \u00e0 queue blanche, go\u00e9land ichthya\u00e8te et roselin \u00e0 longue queue hivernants. Cette excursion peut \u00eatre prolong\u00e9e pour atteindre des zones o\u00f9 l'outarde canepeti\u00e8re se reproduit en saison. <\/p>\n\n\n\n<div class=\"wp-block-columns is-layout-flex wp-container-core-columns-is-layout-4 wp-block-columns-is-layout-flex\">\n<div class=\"wp-block-column is-layout-flow wp-block-column-is-layout-flow\">\n<figure class=\"wp-block-image size-full\"><img loading=\"lazy\" decoding=\"async\" width=\"900\" height=\"900\" src=\"https:\/\/silkroadbirding.com\/wp-content\/uploads\/2023\/10\/White-winged-grosbeak-Askar.jpg\" alt=\"\" class=\"wp-image-107\" srcset=\"https:\/\/silkroadbirding.com\/wp-content\/uploads\/2023\/10\/White-winged-grosbeak-Askar.jpg 900w, https:\/\/silkroadbirding.com\/wp-content\/uploads\/2023\/10\/White-winged-grosbeak-Askar-300x300.jpg 300w, https:\/\/silkroadbirding.com\/wp-content\/uploads\/2023\/10\/White-winged-grosbeak-Askar-150x150.jpg 150w, https:\/\/silkroadbirding.com\/wp-content\/uploads\/2023\/10\/White-winged-grosbeak-Askar-768x768.jpg 768w\" sizes=\"auto, (max-width: 900px) 100vw, 900px\" \/><\/figure>\n<\/div>\n\n\n\n<div class=\"wp-block-column is-layout-flow wp-block-column-is-layout-flow\">\n<figure class=\"wp-block-image size-full\"><img loading=\"lazy\" decoding=\"async\" width=\"649\" height=\"649\" src=\"https:\/\/silkroadbirding.com\/wp-content\/uploads\/2023\/10\/Rufous-naped-tit.jpeg\" alt=\"\" class=\"wp-image-108\" srcset=\"https:\/\/silkroadbirding.com\/wp-content\/uploads\/2023\/10\/Rufous-naped-tit.jpeg 649w, https:\/\/silkroadbirding.com\/wp-content\/uploads\/2023\/10\/Rufous-naped-tit-300x300.jpeg 300w, https:\/\/silkroadbirding.com\/wp-content\/uploads\/2023\/10\/Rufous-naped-tit-150x150.jpeg 150w\" sizes=\"auto, (max-width: 649px) 100vw, 649px\" \/><\/figure>\n<\/div>\n<\/div>\n\n\n\n<div class=\"wp-block-columns is-layout-flex wp-container-core-columns-is-layout-5 wp-block-columns-is-layout-flex\">\n<div class=\"wp-block-column is-layout-flow wp-block-column-is-layout-flow\">\n<figure class=\"wp-block-image size-full\"><img loading=\"lazy\" decoding=\"async\" width=\"538\" height=\"538\" src=\"https:\/\/silkroadbirding.com\/wp-content\/uploads\/2023\/10\/collared-pratincolea.jpg\" alt=\"\" class=\"wp-image-109\" srcset=\"https:\/\/silkroadbirding.com\/wp-content\/uploads\/2023\/10\/collared-pratincolea.jpg 538w, https:\/\/silkroadbirding.com\/wp-content\/uploads\/2023\/10\/collared-pratincolea-300x300.jpg 300w, https:\/\/silkroadbirding.com\/wp-content\/uploads\/2023\/10\/collared-pratincolea-150x150.jpg 150w\" sizes=\"auto, (max-width: 538px) 100vw, 538px\" \/><\/figure>\n<\/div>\n\n\n\n<div class=\"wp-block-column is-layout-flow wp-block-column-is-layout-flow\">\n<figure class=\"wp-block-image size-full\"><img loading=\"lazy\" decoding=\"async\" width=\"592\" height=\"592\" src=\"https:\/\/silkroadbirding.com\/wp-content\/uploads\/2023\/10\/Pallas-gull.jpeg\" alt=\"\" class=\"wp-image-110\" srcset=\"https:\/\/silkroadbirding.com\/wp-content\/uploads\/2023\/10\/Pallas-gull.jpeg 592w, https:\/\/silkroadbirding.com\/wp-content\/uploads\/2023\/10\/Pallas-gull-300x300.jpeg 300w, https:\/\/silkroadbirding.com\/wp-content\/uploads\/2023\/10\/Pallas-gull-150x150.jpeg 150w\" sizes=\"auto, (max-width: 592px) 100vw, 592px\" \/><\/figure>\n<\/div>\n<\/div>\n\n\n\n<div style=\"height:30px\" aria-hidden=\"true\" class=\"wp-block-spacer\"><\/div>\n<\/div><\/div>\n\n\n\n<div class=\"wp-block-group alignfull has-nv-dark-bg-background-color has-background\"><div class=\"wp-block-group__inner-container is-layout-constrained wp-block-group-is-layout-constrained\">\n<div style=\"height:50px\" aria-hidden=\"true\" class=\"wp-block-spacer\"><\/div>\n\n\n\n<p class=\"has-nv-site-bg-color has-text-color\" style=\"font-size:30px\"><strong>Astana <\/strong><\/p>\n\n\n\n<p class=\"has-nv-site-bg-color has-text-color\">Atteindre de bons endroits pour l'ornithologie \u00e0 partir d'Astana demande plus de route qu'\u00e0 partir d'Almaty ou de Bichkek, mais vous \u00eates r\u00e9compens\u00e9s par des esp\u00e8ces de classe mondiale en grand nombre. Nous atteindrons la r\u00e9gion de Korgalzhyn, o\u00f9 les steppes herbeuses sont ponctu\u00e9es de nombreux lacs peu profonds. C'est un paysage fascinant qui abrite de nombreuses esp\u00e8ces typiques (et recherch\u00e9es) des steppes, telles que le vanneau sociable (le seul et unique!), le flamant rose (la colonie la plus septentrionale du monde), l'alouette noire, l'alouette leucopt\u00e8re, la glar\u00e9ole \u00e0 ailes noires, le go\u00e9land ichtya\u00e8te, le go\u00e9land railleur, la sterne caspienne, la grue demoiselle, l'aigle des steppes, le faucon kobez et le busard p\u00e2le. Une journ\u00e9e ne vous donnera qu'un aper\u00e7u de cette vari\u00e9t\u00e9, mais il est heureusement possible de passer la nuit dans la r\u00e9gion si vous avez le temps.<\/p>\n\n\n\n<div class=\"wp-block-columns is-layout-flex wp-container-core-columns-is-layout-6 wp-block-columns-is-layout-flex\">\n<div class=\"wp-block-column is-vertically-aligned-center is-layout-flow wp-block-column-is-layout-flow\">\n<figure class=\"wp-block-image size-full\"><img loading=\"lazy\" decoding=\"async\" width=\"751\" height=\"751\" src=\"https:\/\/silkroadbirding.com\/wp-content\/uploads\/2023\/10\/white-winged-lark-Askar.jpg\" alt=\"\" class=\"wp-image-111\" srcset=\"https:\/\/silkroadbirding.com\/wp-content\/uploads\/2023\/10\/white-winged-lark-Askar.jpg 751w, https:\/\/silkroadbirding.com\/wp-content\/uploads\/2023\/10\/white-winged-lark-Askar-300x300.jpg 300w, https:\/\/silkroadbirding.com\/wp-content\/uploads\/2023\/10\/white-winged-lark-Askar-150x150.jpg 150w\" sizes=\"auto, (max-width: 751px) 100vw, 751px\" \/><\/figure>\n<\/div>\n\n\n\n<div class=\"wp-block-column is-layout-flow wp-block-column-is-layout-flow\">\n<figure class=\"wp-block-image size-full\"><img loading=\"lazy\" decoding=\"async\" width=\"825\" height=\"825\" src=\"https:\/\/silkroadbirding.com\/wp-content\/uploads\/2023\/10\/Red-footed-falcon-Askar.jpg\" alt=\"\" class=\"wp-image-112\" srcset=\"https:\/\/silkroadbirding.com\/wp-content\/uploads\/2023\/10\/Red-footed-falcon-Askar.jpg 825w, https:\/\/silkroadbirding.com\/wp-content\/uploads\/2023\/10\/Red-footed-falcon-Askar-300x300.jpg 300w, https:\/\/silkroadbirding.com\/wp-content\/uploads\/2023\/10\/Red-footed-falcon-Askar-150x150.jpg 150w, https:\/\/silkroadbirding.com\/wp-content\/uploads\/2023\/10\/Red-footed-falcon-Askar-768x768.jpg 768w\" sizes=\"auto, (max-width: 825px) 100vw, 825px\" \/><\/figure>\n<\/div>\n<\/div>\n\n\n\n<div class=\"wp-block-columns is-layout-flex wp-container-core-columns-is-layout-7 wp-block-columns-is-layout-flex\">\n<div class=\"wp-block-column is-vertically-aligned-center is-layout-flow wp-block-column-is-layout-flow\">\n<figure class=\"wp-block-image size-full\"><img loading=\"lazy\" decoding=\"async\" width=\"825\" height=\"825\" src=\"https:\/\/silkroadbirding.com\/wp-content\/uploads\/2023\/10\/Greater-flamingo-Askar.jpg\" alt=\"\" class=\"wp-image-113\" srcset=\"https:\/\/silkroadbirding.com\/wp-content\/uploads\/2023\/10\/Greater-flamingo-Askar.jpg 825w, https:\/\/silkroadbirding.com\/wp-content\/uploads\/2023\/10\/Greater-flamingo-Askar-300x300.jpg 300w, https:\/\/silkroadbirding.com\/wp-content\/uploads\/2023\/10\/Greater-flamingo-Askar-150x150.jpg 150w, https:\/\/silkroadbirding.com\/wp-content\/uploads\/2023\/10\/Greater-flamingo-Askar-768x768.jpg 768w\" sizes=\"auto, (max-width: 825px) 100vw, 825px\" \/><\/figure>\n<\/div>\n\n\n\n<div class=\"wp-block-column is-layout-flow wp-block-column-is-layout-flow\">\n<figure class=\"wp-block-image size-full\"><img loading=\"lazy\" decoding=\"async\" width=\"900\" height=\"900\" src=\"https:\/\/silkroadbirding.com\/wp-content\/uploads\/2023\/10\/Demoiselle-crane.jpg\" alt=\"\" class=\"wp-image-114\" srcset=\"https:\/\/silkroadbirding.com\/wp-content\/uploads\/2023\/10\/Demoiselle-crane.jpg 900w, https:\/\/silkroadbirding.com\/wp-content\/uploads\/2023\/10\/Demoiselle-crane-300x300.jpg 300w, https:\/\/silkroadbirding.com\/wp-content\/uploads\/2023\/10\/Demoiselle-crane-150x150.jpg 150w, https:\/\/silkroadbirding.com\/wp-content\/uploads\/2023\/10\/Demoiselle-crane-768x768.jpg 768w\" sizes=\"auto, (max-width: 900px) 100vw, 900px\" \/><\/figure>\n<\/div>\n<\/div>\n\n\n\n<div style=\"height:30px\" aria-hidden=\"true\" class=\"wp-block-spacer\"><\/div>\n<\/div><\/div>","protected":false},"excerpt":{"rendered":"<p>We are lucky that our guides are based in the region and thus available to lead trips around their home towns. So, if you happen to be in any of these cities, treat yourself to a great day of birding in Central Asia! See our suggestions below. When: Anytime. Duration: One-day or two-day trips. Almaty&hellip;&nbsp;<a href=\"https:\/\/silkroadbirding.com\/fr\/day-trips\/\" rel=\"bookmark\">Lire la suite &raquo;<span class=\"screen-reader-text\">\u00c0 la journ\u00e9e<\/span><\/a><\/p>","protected":false},"author":1,"featured_media":0,"parent":0,"menu_order":0,"comment_status":"closed","ping_status":"closed","template":"","meta":{"neve_meta_sidebar":"","neve_meta_container":"","neve_meta_enable_content_width":"on","neve_meta_content_width":80,"neve_meta_title_alignment":"","neve_meta_author_avatar":"","neve_post_elements_order":"","neve_meta_disable_header":"","neve_meta_disable_footer":"","neve_meta_disable_title":"on","footnotes":""},"class_list":["post-41","page","type-page","status-publish","hentry"],"_links":{"self":[{"href":"https:\/\/silkroadbirding.com\/fr\/wp-json\/wp\/v2\/pages\/41","targetHints":{"allow":["GET"]}}],"collection":[{"href":"https:\/\/silkroadbirding.com\/fr\/wp-json\/wp\/v2\/pages"}],"about":[{"href":"https:\/\/silkroadbirding.com\/fr\/wp-json\/wp\/v2\/types\/page"}],"author":[{"embeddable":true,"href":"https:\/\/silkroadbirding.com\/fr\/wp-json\/wp\/v2\/users\/1"}],"replies":[{"embeddable":true,"href":"https:\/\/silkroadbirding.com\/fr\/wp-json\/wp\/v2\/comments?post=41"}],"version-history":[{"count":11,"href":"https:\/\/silkroadbirding.com\/fr\/wp-json\/wp\/v2\/pages\/41\/revisions"}],"predecessor-version":[{"id":311,"href":"https:\/\/silkroadbirding.com\/fr\/wp-json\/wp\/v2\/pages\/41\/revisions\/311"}],"wp:attachment":[{"href":"https:\/\/silkroadbirding.com\/fr\/wp-json\/wp\/v2\/media?parent=41"}],"curies":[{"name":"wp","href":"https:\/\/api.w.org\/{rel}","templated":true}]}}